{"id":14,"date":"2024-01-06T01:10:15","date_gmt":"2024-01-06T01:10:15","guid":{"rendered":"https:\/\/johnnybido.com\/?page_id=14"},"modified":"2024-01-23T19:12:39","modified_gmt":"2024-01-23T19:12:39","slug":"home","status":"publish","type":"page","link":"https:\/\/johnnybido.com\/","title":{"rendered":"Home"},"content":{"rendered":"\n<div class=\"wp-block-cover alignfull is-light wp-duotone-midnight\" style=\"min-height:800px;aspect-ratio:unset;\"><span aria-hidden=\"true\" class=\"wp-block-cover__background has-background-dim\"><\/span><img loading=\"lazy\" decoding=\"async\" width=\"340\" height=\"331\" class=\"wp-block-cover__image-background wp-image-195\" alt=\"\" src=\"https:\/\/johnnybido.com\/wp-content\/uploads\/2024\/01\/Fondo-2.png\" data-object-fit=\"cover\"\/><div class=\"wp-block-cover__inner-container is-layout-flow wp-block-cover-is-layout-flow\">\n<div class=\"wp-block-group alignfull is-layout-constrained wp-block-group-is-layout-constrained\">\n<div class=\"wp-block-columns alignfull is-layout-flex wp-container-core-columns-is-layout-28f84493 wp-block-columns-is-layout-flex\">\n<div class=\"wp-block-column is-layout-flow wp-block-column-is-layout-flow\">\n<h1 class=\"wp-block-heading has-text-align-left has-white-color has-text-color\">Eleva tus proyectos<br>al siguiente nivel<\/h1>\n\n\n\n<p class=\"has-text-align-left\">Es posible conjugar armon\u00eda, est\u00e9tica y sintaxis, manteniendo el enfoque tem\u00e1tico y la calidad t\u00e9cnica en la producci\u00f3n de contenidos multimedia. Asimismo, es igualmente posible en la redacci\u00f3n especializada para tus proyectos de desarrollo, institucionales o corporativos. \u00a1Habla con nosotros!<\/p>\n\n\n\n<div class=\"wp-block-buttons is-layout-flex wp-container-core-buttons-is-layout-9bedd9bf wp-block-buttons-is-layout-flex\">\n<div class=\"wp-block-button\"><a class=\"wp-block-button__link wp-element-button\" href=\"#contact\">Cont\u00e1ctanos<\/a><\/div>\n<\/div>\n<\/div>\n\n\n\n<div class=\"wp-block-column is-layout-flow wp-block-column-is-layout-flow\">\n<figure class=\"wp-block-image size-full\"><img loading=\"lazy\" decoding=\"async\" width=\"1260\" height=\"700\" src=\"https:\/\/johnnybido.com\/wp-content\/uploads\/2024\/01\/Business-Success-1.jpg\" alt=\"\" class=\"wp-image-213\"\/><\/figure>\n<\/div>\n<\/div>\n<\/div>\n<\/div><\/div>\n\n\n\n<div class=\"wp-block-group alignfull is-layout-constrained wp-container-core-group-is-layout-45b0ac4f wp-block-group-is-layout-constrained\" id=\"services\" style=\"padding-top:144px;padding-bottom:0px\">\n<h2 class=\"wp-block-heading\">Nuestros Servicios<\/h2>\n\n\n\n<div class=\"wp-block-columns is-layout-flex wp-container-core-columns-is-layout-60cbf9bb wp-block-columns-is-layout-flex\" style=\"margin-top:50px\">\n<div class=\"wp-block-column is-vertically-aligned-bottom is-layout-flow wp-container-core-column-is-layout-6b73ce23 wp-block-column-is-layout-flow\">\n<figure class=\"wp-block-image size-full is-resized\"><img loading=\"lazy\" decoding=\"async\" width=\"720\" height=\"720\" src=\"https:\/\/johnnybido.com\/wp-content\/uploads\/2024\/01\/Technical-writing-2.jpeg\" alt=\"\" class=\"wp-image-145\" style=\"width:194px;height:auto\"\/><\/figure>\n\n\n\n<h3 class=\"wp-block-heading\" style=\"margin-top:16px\">Redacci\u00f3n T\u00e9cnica<\/h3>\n\n\n\n<p>Redacci\u00f3n t\u00e9cnica especializada para propuestas de proyectos sociales y desarrollo comunitario para cooperaci\u00f3n internacional, subvenciones gubernamentales y sector privado.<\/p>\n\n\n\n<div class=\"wp-block-buttons is-layout-flex wp-block-buttons-is-layout-flex\">\n<div class=\"wp-block-button\"><a class=\"wp-block-button__link wp-element-button\" href=\"#contact\">Cont\u00e1ctanos<\/a><\/div>\n<\/div>\n<\/div>\n\n\n\n<div class=\"wp-block-column is-layout-flow wp-container-core-column-is-layout-6b73ce23 wp-block-column-is-layout-flow\">\n<figure class=\"wp-block-image size-full is-resized\"><img loading=\"lazy\" decoding=\"async\" width=\"512\" height=\"512\" src=\"https:\/\/johnnybido.com\/wp-content\/uploads\/2024\/01\/Correccion-2-2.png\" alt=\"\" class=\"wp-image-160\" style=\"width:193px;height:auto\"\/><\/figure>\n\n\n\n<h3 class=\"wp-block-heading\" style=\"margin-top:16px\">Correcci\u00f3n de Estilo<\/h3>\n\n\n\n<p>Llevamos su contenido al m\u00e1ximo de entendimiento, coherencia t\u00e9cnica y redaccional, eliminando las imperfecciones de forma y de fondo, para hacerlo destacar a primera vista.<\/p>\n\n\n\n<div class=\"wp-block-buttons is-layout-flex wp-block-buttons-is-layout-flex\">\n<div class=\"wp-block-button\"><a class=\"wp-block-button__link wp-element-button\" href=\"#contact\">Cont\u00e1ctanos<\/a><\/div>\n<\/div>\n<\/div>\n\n\n\n<div class=\"wp-block-column is-layout-flow wp-container-core-column-is-layout-6b73ce23 wp-block-column-is-layout-flow\">\n<figure class=\"wp-block-image size-full is-resized\"><img loading=\"lazy\" decoding=\"async\" width=\"1000\" height=\"1000\" src=\"http:\/\/johnnybido.com\/wp-content\/uploads\/2024\/01\/Consultancy-2-1.png\" alt=\"\" class=\"wp-image-158\" style=\"width:192px;height:auto\"\/><\/figure>\n\n\n\n<h3 class=\"wp-block-heading\" style=\"margin-top:16px\">Consultor\u00edas<\/h3>\n\n\n\n<p>Dise\u00f1o de proyectos sociales, informes anuales, comunicaci\u00f3n para el desarrollo, pol\u00edticas p\u00fablicas, derechos de la ni\u00f1ez, trata de personas, democracia y gobernabilidad, entre otros.<\/p>\n\n\n\n<div class=\"wp-block-buttons is-layout-flex wp-block-buttons-is-layout-flex\">\n<div class=\"wp-block-button\"><a class=\"wp-block-button__link wp-element-button\" href=\"#contact\">Cont\u00e1ctanos<\/a><\/div>\n<\/div>\n<\/div>\n<\/div>\n<\/div>\n\n\n\n<div class=\"wp-block-group alignfull has-ast-global-color-5-background-color has-background is-layout-constrained wp-container-core-group-is-layout-94d206d0 wp-block-group-is-layout-constrained\" id=\"about\" style=\"padding-top:143px;padding-bottom:144px\">\n<div class=\"wp-block-media-text has-media-on-the-right is-stacked-on-mobile is-vertically-aligned-center\" style=\"grid-template-columns:auto 54%\"><div class=\"wp-block-media-text__content\">\n<div class=\"inherit-container-width wp-block-group is-layout-constrained wp-container-core-group-is-layout-47ce07ec wp-block-group-is-layout-constrained\" style=\"padding-right:80px\">\n<h2 class=\"wp-block-heading\" style=\"padding-right:40px\">Construimos el puente que lleva tus proyectos hasta la meta<\/h2>\n\n\n\n<p>M\u00e1s de 25 a\u00f1os de experiencia probada de servicio ininterrumpido en el sector sin fines de lucro nos permiten hablar con propiedad y humildad sobre los temas que tratamos, y los servicios que ofrecemos.<\/p>\n\n\n\n<p>El camino recorrido incluye la redacci\u00f3n t\u00e9cnica para propuestas de proyectos de desarrollo y para el cambio de comportamiento social. Adem\u00e1s, revisi\u00f3n documental, curaci\u00f3n de contenidos (correcci\u00f3n de estilo), asesor\u00eda y acompa\u00f1amiento en el dise\u00f1o e implementaci\u00f3n de estrategais de comunicaci\u00f3n para el desarrollo, as\u00ed como tambi\u00e9n de planes estrat\u00e9gicos y operativos.<\/p>\n\n\n\n<p><\/p>\n<\/div>\n\n\n\n<div class=\"wp-block-buttons is-content-justification-left is-layout-flex wp-container-core-buttons-is-layout-fc4fd283 wp-block-buttons-is-layout-flex\">\n<div class=\"wp-block-button\"><a class=\"wp-block-button__link wp-element-button\" href=\"#contact\">Cont\u00e1ctanos<\/a><\/div>\n<\/div>\n<\/div><figure class=\"wp-block-media-text__media\"><img loading=\"lazy\" decoding=\"async\" width=\"853\" height=\"873\" src=\"https:\/\/johnnybido.com\/wp-content\/uploads\/2024\/01\/Ajedrez-2-2.jpg\" alt=\"\" class=\"wp-image-252 size-full\"\/><\/figure><\/div>\n<\/div>\n\n\n\n<div class=\"wp-block-group alignfull has-ast-global-color-4-background-color has-background is-layout-constrained wp-container-core-group-is-layout-6a2cfb7b wp-block-group-is-layout-constrained\" id=\"reviews\">\n<figure class=\"wp-block-image aligncenter size-full is-resized\"><img loading=\"lazy\" decoding=\"async\" width=\"1000\" height=\"1000\" src=\"https:\/\/johnnybido.com\/wp-content\/uploads\/2024\/01\/Johnny-2-2.png\" alt=\"\" class=\"wp-image-125\" style=\"width:112px;height:auto\"\/><\/figure>\n\n\n\n<p class=\"has-text-align-center\" style=\"font-size:22px;line-height:1.6\">\u201cTratamos cada proyecto como una joya preciada que debe ser pulida hasta sacar su m\u00e1ximo esplendor, logrando un producto de acabado cuasi perfecto; un resultado capaz de capturar la atenci\u00f3n, y mover a la acci\u00f3n de su p\u00fablico meta.\u201d<\/p>\n\n\n\n<p class=\"has-text-align-center\"><strong>Johnny Bid\u00f3<\/strong><\/p>\n<\/div>\n\n\n\n<div id=\"contact\" height=\"0\" width=\"0\"><\/div>\n\n\n\n<div class=\"wp-block-cover alignfull wp-duotone-midnight\"><span aria-hidden=\"true\" class=\"wp-block-cover__background has-background-dim\"><\/span><img loading=\"lazy\" decoding=\"async\" width=\"340\" height=\"331\" class=\"wp-block-cover__image-background wp-image-195\" alt=\"\" src=\"http:\/\/johnnybido.com\/wp-content\/uploads\/2024\/01\/Fondo-2.png\" data-object-fit=\"cover\"\/><div class=\"wp-block-cover__inner-container is-layout-flow wp-block-cover-is-layout-flow\">\n<h2 class=\"wp-block-heading has-text-align-center has-text-color\" style=\"color:#ffffff\">Johnny Bid\u00f3<\/h2>\n\n\n\n<p class=\"has-text-align-center\"><mark style=\"background-color:rgba(0, 0, 0, 0)\" class=\"has-inline-color has-ast-global-color-5-color\">CURADOR DE CONTENIDO<\/mark><\/p>\n\n\n\n<p class=\"has-text-align-center\"><mark style=\"background-color:rgba(0, 0, 0, 0);color:#ffffff\" class=\"has-inline-color\">Calle 9 No. 4, Mirador Norte. Santo Domingo, Distrito Nacional.<\/mark><br><mark style=\"background-color:rgba(0, 0, 0, 0);color:#ffffff\" class=\"has-inline-color\">Tel\u00e9fonos: 809-495-4417 \/ 809-221-9259<br>Correo electr\u00f3nico: johnnybido@gmail.com<\/mark><\/p>\n\n\n\n<div class=\"wp-block-buttons alignwide is-horizontal is-content-justification-center is-layout-flex wp-container-core-buttons-is-layout-bba8380a wp-block-buttons-is-layout-flex\" style=\"margin-top:50px\">\n<div class=\"wp-block-button\"><a class=\"wp-block-button__link wp-element-button\">\u00a1Llama ahora mismo!<\/a><\/div>\n<\/div>\n<\/div><\/div>\n","protected":false},"excerpt":{"rendered":"<p>Nuestros Servicios Redacci\u00f3n T\u00e9cnica Redacci\u00f3n t\u00e9cnica especializada para propuestas de proyectos sociales y desarrollo comunitario para cooperaci\u00f3n internacional, subvenciones gubernamentales [&hellip;]<\/p>\n","protected":false},"author":1,"featured_media":0,"parent":0,"menu_order":0,"comment_status":"closed","ping_status":"closed","template":"","meta":{"om_disable_all_campaigns":false,"inline_featured_image":false,"_monsterinsights_skip_tracking":false,"_monsterinsights_sitenote_active":false,"_monsterinsights_sitenote_note":"","_monsterinsights_sitenote_category":0,"_uf_show_specific_survey":0,"_uf_disable_surveys":false,"site-sidebar-layout":"no-sidebar","site-content-layout":"plain-container","ast-site-content-layout":"","site-content-style":"default","site-sidebar-style":"default","ast-global-header-display":"","ast-banner-title-visibility":"","ast-main-header-display":"","ast-hfb-above-header-display":"","ast-hfb-below-header-display":"","ast-hfb-mobile-header-display":"","site-post-title":"disabled","ast-breadcrumbs-content":"","ast-featured-img":"","footer-sml-layout":"","theme-transparent-header-meta":"enabled","adv-header-id-meta":"","stick-header-meta":"","header-above-stick-meta":"","header-main-stick-meta":"","header-below-stick-meta":"","astra-migrate-meta-layouts":"default","ast-page-background-enabled":"default","ast-page-background-meta":{"desktop":{"background-color":"var(--ast-global-color-4)","background-image":"","background-repeat":"repeat","background-position":"center center","background-size":"auto","background-attachment":"scroll","background-type":"","background-media":"","overlay-type":"","overlay-color":"","overlay-gradient":""},"tablet":{"background-color":"","background-image":"","background-repeat":"repeat","background-position":"center center","background-size":"auto","background-attachment":"scroll","background-type":"","background-media":"","overlay-type":"","overlay-color":"","overlay-gradient":""},"mobile":{"background-color":"","background-image":"","background-repeat":"repeat","background-position":"center center","background-size":"auto","background-attachment":"scroll","background-type":"","background-media":"","overlay-type":"","overlay-color":"","overlay-gradient":""}},"ast-content-background-meta":{"desktop":{"background-color":"var(--ast-global-color-5)","background-image":"","background-repeat":"repeat","background-position":"center center","background-size":"auto","background-attachment":"scroll","background-type":"","background-media":"","overlay-type":"","overlay-color":"","overlay-gradient":""},"tablet":{"background-color":"var(--ast-global-color-5)","background-image":"","background-repeat":"repeat","background-position":"center center","background-size":"auto","background-attachment":"scroll","background-type":"","background-media":"","overlay-type":"","overlay-color":"","overlay-gradient":""},"mobile":{"background-color":"var(--ast-global-color-5)","background-image":"","background-repeat":"repeat","background-position":"center center","background-size":"auto","background-attachment":"scroll","background-type":"","background-media":"","overlay-type":"","overlay-color":"","overlay-gradient":""}},"footnotes":""},"class_list":["post-14","page","type-page","status-publish","hentry"],"aioseo_notices":[],"_links":{"self":[{"href":"https:\/\/johnnybido.com\/index.php\/wp-json\/wp\/v2\/pages\/14","targetHints":{"allow":["GET"]}}],"collection":[{"href":"https:\/\/johnnybido.com\/index.php\/wp-json\/wp\/v2\/pages"}],"about":[{"href":"https:\/\/johnnybido.com\/index.php\/wp-json\/wp\/v2\/types\/page"}],"author":[{"embeddable":true,"href":"https:\/\/johnnybido.com\/index.php\/wp-json\/wp\/v2\/users\/1"}],"replies":[{"embeddable":true,"href":"https:\/\/johnnybido.com\/index.php\/wp-json\/wp\/v2\/comments?post=14"}],"version-history":[{"count":96,"href":"https:\/\/johnnybido.com\/index.php\/wp-json\/wp\/v2\/pages\/14\/revisions"}],"predecessor-version":[{"id":278,"href":"https:\/\/johnnybido.com\/index.php\/wp-json\/wp\/v2\/pages\/14\/revisions\/278"}],"wp:attachment":[{"href":"https:\/\/johnnybido.com\/index.php\/wp-json\/wp\/v2\/media?parent=14"}],"curies":[{"name":"wp","href":"https:\/\/api.w.org\/{rel}","templated":true}]}}